{"id":10923,"date":"2021-03-04T15:02:55","date_gmt":"2021-03-04T18:02:55","guid":{"rendered":"https:\/\/intranet.gruposerval.com.br\/?page_id=10923"},"modified":"2026-05-04T15:41:19","modified_gmt":"2026-05-04T18:41:19","slug":"politicas-e-procedimentos-2-3","status":"publish","type":"page","link":"https:\/\/intranet.gruposerval.com.br\/?page_id=10923","title":{"rendered":"Canal de Acolhimento &#8211; Sa\u00fade Mental"},"content":{"rendered":"<section class=\"l-section wpb_row height_custom color_primary with_img with_overlay\"><div class=\"l-section-img\" style=\"background-image: url(https:\/\/intranet.gruposerval.com.br\/wp-content\/uploads\/2026\/04\/CANALDEACOLHIMENTO2151728361.jpg);background-repeat: no-repeat;\" data-img-width=\"1500\" data-img-height=\"597\"><\/div><div class=\"l-section-overlay\" style=\"background: rgba(0,0,0,0.5)\"><\/div><div class=\"l-section-h i-cf\"><div class=\"g-cols vc_row type_default valign_top\"><div class=\"vc_col-sm-12 wpb_column vc_column_container\"><div class=\"vc_column-inner\"><div class=\"wpb_wrapper\"><div class=\"w-separator size_small\"><\/div>[vc_custom_heading text=&#8221;<b>CANAL DE ACOLHIMENTO &#8211; SA\u00daDE MENTAL<b>&#8221; font_container=&#8221;tag:h2|text_align:center&#8221; use_theme_fonts=&#8221;yes&#8221;]<div class=\"w-separator size_large\"><\/div><\/div><\/div><\/div><\/div><\/div><\/section><section class=\"l-section wpb_row us_custom_8b3d6790 height_small color_alternate has_text_color\"><div class=\"l-section-h i-cf\"><div class=\"g-cols vc_row type_default valign_top\"><div class=\"vc_col-sm-12 wpb_column vc_column_container\"><div class=\"vc_column-inner\"><div class=\"wpb_wrapper\"><div class=\"wpb_text_column\" ><div class=\"wpb_wrapper\"><p>O <strong>Canal de Acolhimento<\/strong> \u00e9 um espa\u00e7o seguro e confidencial para escuta, apoio e orienta\u00e7\u00e3o emocional aos colaboradores.\u00a0Voc\u00ea pode procurar o canal sempre que estiver passando por situa\u00e7\u00f5es que impactem seu bem-estar emocional, relacionadas ou n\u00e3o ao trabalho.<\/p>\n<\/div><\/div><div class=\"g-cols wpb_row  type_default valign_top vc_inner\"><div class=\"vc_col-sm-6 wpb_column vc_column_container\"><div class=\"vc_column-inner\"><div class=\"wpb_wrapper\"><div class=\"wpb_text_column\" ><div class=\"wpb_wrapper\"><p><strong>Quando procurar?<\/strong><\/b><\/b><\/p>\n<ul>\n<li>Estresse excessivo ou sobrecarga emocional;<\/li>\n<li>Ansiedade, tristeza persistente ou des\u00e2nimo;<\/li>\n<li>Dificuldades no ambiente de trabalho;<\/li>\n<li>Conflitos interpessoais;<\/li>\n<li>Quest\u00f5es pessoais ou familiares que estejam afetando seu bem-estar;<\/li>\n<li>Necessidade de orienta\u00e7\u00e3o ou apoio emocional.<\/li>\n<\/ul>\n<\/div><\/div><\/div><\/div><\/div><div class=\"vc_col-sm-6 wpb_column vc_column_container\"><div class=\"vc_column-inner\"><div class=\"wpb_wrapper\"><div class=\"wpb_text_column\" ><div class=\"wpb_wrapper\"><p><strong>Como funciona?<\/strong><\/p>\n<ol>\n<li>Voc\u00ea preenche um formul\u00e1rio simples;<\/li>\n<li>As informa\u00e7\u00f5es s\u00e3o analisadas pelas psic\u00f3logas respons\u00e1veis;<\/li>\n<li>Voc\u00ea recebe acolhimento e orienta\u00e7\u00e3o adequada.<\/li>\n<\/ol>\n<p><strong>Confidencialidade garantida<\/strong><\/p>\n<ul>\n<li>Todas as informa\u00e7\u00f5es s\u00e3o tratadas com <strong>sigilo e respeito;<\/strong><\/li>\n<li>Nenhuma informa\u00e7\u00e3o \u00e9 compartilhada com gestores ou terceiros.<\/li>\n<\/ul>\n<\/div><\/div><\/div><\/div><\/div><\/div><div class=\"wpb_text_column\" ><div class=\"wpb_wrapper\"><p><strong><em>Importante:<\/em><\/strong> O canal n\u00e3o substitui atendimento m\u00e9dico ou psicol\u00f3gico externo, quando necess\u00e1rio.<\/p>\n<\/div><\/div><\/div><\/div><\/div><\/div><\/div><\/section><!-- Row Backgrounds --><div class=\"upb_color\" data-bg-override=\"0\" data-bg-color=\"\" data-fadeout=\"\" data-fadeout-percentage=\"30\" data-parallax-content=\"\" data-parallax-content-sense=\"30\" data-row-effect-mobile-disable=\"true\" data-img-parallax-mobile-disable=\"true\" data-rtl=\"false\"  data-custom-vc-row=\"\"  data-vc=\"6.2.0\"  data-is_old_vc=\"\"  data-theme-support=\"\"   data-overlay=\"false\" data-overlay-color=\"\" data-overlay-pattern=\"\" data-overlay-pattern-opacity=\"\" data-overlay-pattern-size=\"\"    ><\/div><section class=\"l-section wpb_row height_small\"><div class=\"l-section-h i-cf\"><div class=\"g-cols vc_row type_default valign_top\"><div class=\"vc_col-sm-3 wpb_column vc_column_container has-link\"><div class=\"vc_column-inner\"><div class=\"wpb_wrapper\"><div class=\"wpb_text_column\" ><div class=\"wpb_wrapper\"><p style=\"text-align: center;\"><strong>REGISTRAR FORMUL\u00c1RIO<\/strong><\/p>\n<\/div><\/div><div class=\"w-image style_shadow-1 align_center\"><div class=\"w-image-h\"><img loading=\"lazy\" decoding=\"async\" width=\"300\" height=\"300\" src=\"https:\/\/intranet.gruposerval.com.br\/wp-content\/uploads\/2024\/05\/1.svg\" class=\"attachment-medium size-medium\" alt=\"\" \/><\/div><\/div><\/div><a class=\"vc_column-link smooth-scroll\" href=\"https:\/\/intranet.gruposerval.com.br\/tela\/public\/form.php?form_id=1tko\" target=\"_blank\" rel=\"noopener\"><\/a><\/div><\/div><div class=\"vc_col-sm-9 wpb_column vc_column_container\"><div class=\"vc_column-inner\"><div class=\"wpb_wrapper\"><div class=\"wpb_text_column\" ><div class=\"wpb_wrapper\"><form id=\"frmProtocolo\" action=\"https:\/\/intranet.gruposerval.com.br\/tela\/public\/consulta-protocolo.php\" method=\"post\" name=\"frmProtocolo\" target=\"_blank\">\n<div class=\"input-group input-group-sm\"><label for=\"protocolo\"><b>Consultar protocolo:<\/b><\/label><br \/>\n<input id=\"protocolo\" class=\"form-control\" maxlength=\"55\" name=\"protocolo\" type=\"text\" value=\"\" \/><\/div>\n<p><button class=\"btn btn-sm btn-primary\" style=\"width: 100%;\" type=\"submit\">Pesquisar<\/button><\/p>\n<\/form>\n<\/div><\/div><\/div><\/div><\/div><\/div><\/div><\/section><section class=\"l-section wpb_row height_custom\"><div class=\"l-section-h i-cf\"><div class=\"g-cols vc_row type_default valign_top\"><div class=\"vc_col-sm-12 wpb_column vc_column_container\"><div class=\"vc_column-inner\"><div class=\"wpb_wrapper\"><\/div><\/div><\/div><\/div><\/div><\/section>\n","protected":false},"excerpt":{"rendered":"[vc_custom_heading text=\"CANAL DE ACOLHIMENTO - SA\u00daDE MENTAL\" font_container=\"tag:h2|text_align:center\" use_theme_fonts=\"yes\"]O Canal de Acolhimento \u00e9 um espa\u00e7o seguro e confidencial para escuta, apoio e orienta\u00e7\u00e3o emocional aos colaboradores.\u00a0Voc\u00ea pode procurar o canal sempre que estiver passando por situa\u00e7\u00f5es que impactem seu bem-estar emocional, relacionadas ou n\u00e3o ao trabalho. Quando procurar? Estresse excessivo ou sobrecarga emocional; Ansiedade, tristeza...","protected":false},"author":23,"featured_media":0,"parent":0,"menu_order":0,"comment_status":"closed","ping_status":"closed","template":"","meta":{"footnotes":""},"class_list":["post-10923","page","type-page","status-publish","hentry"],"_links":{"self":[{"href":"https:\/\/intranet.gruposerval.com.br\/index.php?rest_route=\/wp\/v2\/pages\/10923","targetHints":{"allow":["GET"]}}],"collection":[{"href":"https:\/\/intranet.gruposerval.com.br\/index.php?rest_route=\/wp\/v2\/pages"}],"about":[{"href":"https:\/\/intranet.gruposerval.com.br\/index.php?rest_route=\/wp\/v2\/types\/page"}],"author":[{"embeddable":true,"href":"https:\/\/intranet.gruposerval.com.br\/index.php?rest_route=\/wp\/v2\/users\/23"}],"replies":[{"embeddable":true,"href":"https:\/\/intranet.gruposerval.com.br\/index.php?rest_route=%2Fwp%2Fv2%2Fcomments&post=10923"}],"version-history":[{"count":23,"href":"https:\/\/intranet.gruposerval.com.br\/index.php?rest_route=\/wp\/v2\/pages\/10923\/revisions"}],"predecessor-version":[{"id":10952,"href":"https:\/\/intranet.gruposerval.com.br\/index.php?rest_route=\/wp\/v2\/pages\/10923\/revisions\/10952"}],"wp:attachment":[{"href":"https:\/\/intranet.gruposerval.com.br\/index.php?rest_route=%2Fwp%2Fv2%2Fmedia&parent=10923"}],"curies":[{"name":"wp","href":"https:\/\/api.w.org\/{rel}","templated":true}]}}